{"id":94,"date":"2019-06-14T21:59:17","date_gmt":"2019-06-14T21:59:17","guid":{"rendered":"http:\/\/svg-la.com\/?page_id=94"},"modified":"2025-08-20T12:23:02","modified_gmt":"2025-08-20T12:23:02","slug":"volkslauf","status":"publish","type":"page","link":"https:\/\/svg-la.de\/?page_id=94","title":{"rendered":"Volkslauf"},"content":{"rendered":"\n<figure class=\"wp-block-image size-large\"><img loading=\"lazy\" decoding=\"async\" width=\"1024\" height=\"189\" src=\"http:\/\/svg-la.de\/wp-content\/uploads\/2025\/08\/Racresult_Banner_Lehnert_v2-1024x189.jpg\" alt=\"\" class=\"wp-image-472\" srcset=\"https:\/\/svg-la.de\/wp-content\/uploads\/2025\/08\/Racresult_Banner_Lehnert_v2-1024x189.jpg 1024w, https:\/\/svg-la.de\/wp-content\/uploads\/2025\/08\/Racresult_Banner_Lehnert_v2-300x55.jpg 300w, https:\/\/svg-la.de\/wp-content\/uploads\/2025\/08\/Racresult_Banner_Lehnert_v2-768x142.jpg 768w, https:\/\/svg-la.de\/wp-content\/uploads\/2025\/08\/Racresult_Banner_Lehnert_v2.jpg 1150w\" sizes=\"auto, (max-width: 1024px) 100vw, 1024px\" \/><\/figure>\n\n\n\n<p>Die Leichtathletikabteilung des Sportverein 1928 Garbenteich e.V.<strong> <\/strong>l\u00e4dt alle Interessierten L\u00e4ufer zum <strong>44. Garbenteicher Volkslauf<\/strong>. Der Lauf findet am <strong>Sonntag, 14. September 2025<\/strong>, statt. Der Lauf ist \u00fcberregional als gute Vorbereitungsstrecke f\u00fcr den Frankfurt-Marathon bekannt. Die Strecke wird von einem eingespielten Team markiert, vorbereitet und vor Start mehrmals kontrolliert. <strong>Seit letztem Jahr findet der Lauf auf einer neuen Strecke statt<\/strong>, die die Sicherheit der Laufenden deutlich verbessern soll: Es werden keine Bundestra\u00dfen oder Bahntrassen mehr gequert! Im Vergleich zum Vorjahr wurde die Streckenf\u00fchrung noch einmal leicht optimiert.<\/p>\n\n\n\n<p>Insgesamt 7 Verpflegungsstellen auf und nach der Strecke versorgen die Teilnehmenden mit Wasser, Cola und Tee, nach der Dusche lockt zudem hervorragende Verpflegung. Wir freuen uns auf alle Teilnehmer. Eine Vereinspflicht besteht nicht.<\/p>\n\n\n\n<p>Die Startnummern k\u00f6nnen am Veranstaltungstag (Sonntag, 14.09.2025) ab 08:00 Uhr oder am Vortag (Samstag) zwischen 16:00 und 17:00 Uhr in der Sport- und Kulturhalle Garbenteich abgeholt werden.<\/p>\n\n\n\n<p>Weitere Informationen gibt es in der <a href=\"http:\/\/svg-la.com\/?page_id=324\" data-type=\"page\" data-id=\"324\">Ausschreibung<\/a>.<\/p>\n\n\n\n<div style=\"height:4px\" aria-hidden=\"true\" class=\"wp-block-spacer\"><\/div>\n\n\n\n<div class=\"wp-block-buttons is-layout-flex wp-block-buttons-is-layout-flex\">\n<div class=\"wp-block-button is-style-outline aligncenter is-style-outline--1\"><a class=\"wp-block-button__link wp-element-button\" href=\"https:\/\/my.raceresult.com\/352358\">Zur Anmeldung<\/a><\/div>\n<\/div>\n\n\n\n<p><\/p>\n\n\n\n<div class=\"wp-block-columns is-layout-flex wp-container-core-columns-is-layout-28f84493 wp-block-columns-is-layout-flex\">\n<div class=\"wp-block-column is-layout-flow wp-block-column-is-layout-flow\" style=\"flex-basis:100%\">\n<div class=\"wp-block-columns is-layout-flex wp-container-core-columns-is-layout-28f84493 wp-block-columns-is-layout-flex\">\n<div class=\"wp-block-column is-layout-flow wp-block-column-is-layout-flow\">\n<div class=\"wp-block-buttons is-content-justification-center is-layout-flex wp-container-core-buttons-is-layout-a89b3969 wp-block-buttons-is-layout-flex\">\n<div class=\"wp-block-button\"><a class=\"wp-block-button__link has-text-align-center wp-element-button\" href=\"http:\/\/svg-la.com\/?page_id=338\">Streckenplan <br>10KM<\/a><\/div>\n<\/div>\n<\/div>\n\n\n\n<div class=\"wp-block-column is-layout-flow wp-block-column-is-layout-flow\">\n<div class=\"wp-block-buttons is-content-justification-center is-layout-flex wp-container-core-buttons-is-layout-a89b3969 wp-block-buttons-is-layout-flex\">\n<div class=\"wp-block-button\"><a class=\"wp-block-button__link wp-element-button\" href=\"http:\/\/svg-la.com\/?page_id=348\">Streckenplan<br> 21KM<\/a><\/div>\n<\/div>\n<\/div>\n\n\n\n<div class=\"wp-block-column is-layout-flow wp-block-column-is-layout-flow\">\n<div class=\"wp-block-buttons alignwide is-content-justification-center is-layout-flex wp-container-core-buttons-is-layout-a89b3969 wp-block-buttons-is-layout-flex\">\n<div class=\"wp-block-button\"><a class=\"wp-block-button__link has-text-align-center wp-element-button\" href=\"http:\/\/svg-la.com\/?page_id=352\">Streckenplan<br> 30KM<\/a><\/div>\n<\/div>\n<\/div>\n<\/div>\n<\/div>\n<\/div>\n\n\n\n<p><\/p>\n","protected":false},"excerpt":{"rendered":"<p>Die Leichtathletikabteilung des Sportverein 1928 Garbenteich e.V. l\u00e4dt alle Interessierten L\u00e4ufer zum 44. Garbenteicher Volkslauf. Der Lauf findet am Sonntag, 14. September 2025, statt. Der Lauf ist \u00fcberregional als gute Vorbereitungsstrecke f\u00fcr den Frankfurt-Marathon bekannt. Die Strecke wird von einem<\/p>\n","protected":false},"author":2,"featured_media":0,"parent":0,"menu_order":0,"comment_status":"closed","ping_status":"closed","template":"","meta":{"footnotes":""},"class_list":["post-94","page","type-page","status-publish","hentry"],"_links":{"self":[{"href":"https:\/\/svg-la.de\/index.php?rest_route=\/wp\/v2\/pages\/94","targetHints":{"allow":["GET"]}}],"collection":[{"href":"https:\/\/svg-la.de\/index.php?rest_route=\/wp\/v2\/pages"}],"about":[{"href":"https:\/\/svg-la.de\/index.php?rest_route=\/wp\/v2\/types\/page"}],"author":[{"embeddable":true,"href":"https:\/\/svg-la.de\/index.php?rest_route=\/wp\/v2\/users\/2"}],"replies":[{"embeddable":true,"href":"https:\/\/svg-la.de\/index.php?rest_route=%2Fwp%2Fv2%2Fcomments&post=94"}],"version-history":[{"count":30,"href":"https:\/\/svg-la.de\/index.php?rest_route=\/wp\/v2\/pages\/94\/revisions"}],"predecessor-version":[{"id":473,"href":"https:\/\/svg-la.de\/index.php?rest_route=\/wp\/v2\/pages\/94\/revisions\/473"}],"wp:attachment":[{"href":"https:\/\/svg-la.de\/index.php?rest_route=%2Fwp%2Fv2%2Fmedia&parent=94"}],"curies":[{"name":"wp","href":"https:\/\/api.w.org\/{rel}","templated":true}]}}