{"id":352,"date":"2024-08-07T16:40:13","date_gmt":"2024-08-07T16:40:13","guid":{"rendered":"http:\/\/svg-la.com\/?page_id=352"},"modified":"2025-08-04T10:47:13","modified_gmt":"2025-08-04T10:47:13","slug":"fischer-logistik-30km-lauf","status":"publish","type":"page","link":"https:\/\/svg-la.de\/?page_id=352","title":{"rendered":"Fischer Logistik 30KM-Lauf"},"content":{"rendered":"\n<h2 class=\"wp-block-heading has-medium-font-size\">Beschreibung<\/h2>\n\n\n\n<p>Unsere 30KM-Strecke beh\u00e4lt auch nach der Neugestaltung mit rd. 330 H\u00f6henmetern seinen gewohnt h\u00fcgeligen Charakter. Gestartet wird wie gewohnt an der Sport- und Kulturhalle in Garbenteich. Nach einer kurzen Schleife durch das an die Sport- und Kulturhalle (Start) angrenzende Wohngebiet verl\u00e4uft die Strecke \u00fcber den alten Weg in die Felder zwischen Fernwald und Garbenteich, ehe sie auf den Radweg nach Fernwald abbiegt und im Industriegebiet Ruhberg dem ersten Verpflegungssstand begegnet, der auf dem R\u00fcckweg ebenfalls angesteuert wird. Die Bundestra\u00dfe zwischen Lich und Gie\u00dfen wird \u00fcber eine Br\u00fccke gequert, nach einer kurzen Etappe durch den Steinbacher Ortsteil wird die Bundestra\u00dfe erneut via Br\u00fccke in Richtung Schiffenberg gequert.<\/p>\n\n\n\n<p>Ab 2025 f\u00fchrt die Strecke ohne zu\u00e4tzlichen Umweg direkt in Richtung Schiffenberg. Auf dem Weg wartet eine Verpflegungsstelle, die insgesamt vier mal passiert wird. Im Schiffenberg Wald folgt der Weg zun\u00e4chst dem Forstweg in Richtung Gie\u00dfen, biegt dann ab in Richtung in Richtung Kloster und trifft sich anschlie\u00dfend mit der Halbmarathon strecke wieder am Kletterwald. Von dort geht es zur\u00fcck in Richtung Getr\u00e4nkestand. &nbsp;Nun geht es zur\u00fcck in Richtung Steinbach, wobei bei km 16 abgebogen und eine Runde eingel\u00e4utet wird, die anschlie\u00dfend auf der Haupstrecke m\u00fcndet. Von dort wird wieder in Richtung Schiffenberg abgebogen und dem bereits bekannten Streckenverlauf gefolgt.<\/p>\n\n\n\n<p>Auf dem R\u00fcckweg geht es auf direktem Wege zur\u00fcck nach Steinbach bis zum Industrigebiet Ruhrberg. Von dort folgt die Strecke dem Hinweg.<\/p>\n\n\n\n<p><\/p>\n\n\n\n<p><strong>Verpflegungsstellen: <\/strong>KM 5,6 | KM 8,7 | KM 13,6 | KM 16,7 | KM 21,6 | KM 24,7 | Ziel<\/p>\n\n\n\n<h2 class=\"wp-block-heading has-medium-font-size\">\u00dcber Fischer Logistik<\/h2>\n\n\n\n<p><strong>Fischer Logistik<\/strong> ist ein inhabergef\u00fchrtes Logistik- und Transportunternehmen und ist neben klassischen Transporten auf nationale M\u00f6beltransporte und Umz\u00fcge spezialisiert. Weitere Informationen <a href=\"http:\/\/www.fischer-logistik.com\">www.fischer-logistik.com<\/a><\/p>\n\n\n\n<h2 class=\"wp-block-heading has-medium-font-size\">Streckenverlauf \/ H\u00f6henprofil:<\/h2>\n\n\n\n<p>Das H\u00f6henprofil l\u00e4sst sich durch Klick auf das &#8222;Berge&#8220;-Symbol einblenden. <\/p>\n\n\n<p style=\"text-align: center;\"><iframe loading=\"lazy\" src=\"https:\/\/onthegomap.com\/?m=r&amp;u=km&amp;w%5B%5D=Routes+may+not+be+suitable+for+public+use.&amp;c%5B%5D=Route+data+%C2%A92025+On+The+Go+Map%2C+OpenStreetMap+Contributors&amp;d=30277&amp;f=384399311e&amp;n=1&amp;dm=1&amp;context=embed&amp;r2=Ylkq9sckr10c1Ba19u1RW2Pg2Rm2z2a8r1W4Hw1Nw1IM88IKA4Ob1s3v6k1Z3Mz2Ip1y1l5St2s2X9Ar14X11n1091n3W13Y3l1u2f1UFM9K9OBG5Os38a1W2c4GW1y5aBtDWHr4g5x3g8j2y4b2y2d3g7Dy1r2WELm3SGc6g3u8_4WAs5m2z5q4~Aw3n7_2h4c4Z6a5fD8Vb8ZFd5ZBv1z3C9mAj4QBu3s3u2c3k2w3Y1_1W2k4k1_34Y1s5qKW3_7u9mJQy1o3u6EEk2y46O1U3E8G14h1_1Z2m3Z1a2Rs17ODY1Dc19SHk1Dy1p1g7b1y2b2o4FW1e2g2q2u1Y11g11g2Ri17W3f2e2X1o3x1W2h1a2t1k2l28FM6k13Q2E88Eg1Z1Oj1c2r6f2l12d7s1X46H0r12Z6Hd29X13J5X16d2g3rDOr50d27h54b1MX54TEX3q1l88d16f1u4vFg3lBi1xECl30Ft2pA1d1FNP3TGd1St3Y10p91X61n57bAu2b7y1X5u1f7IZ2Y2bA_5o3k1i1c3Y3e1i186y1q1I0oEa5q8n3g2f1i3x1W4XEs3lD4p2pA7Hn4Z2hGc1v65b2~1t5~2h51TH~2Rx2Hv3t1p5d1n7b1n3X1~2l1v1z1Z3BJh1l2Z19D7RONSv5Y7p1W2s2c6o3Y7Lm1o2w4Mk2k1mULWNRw6l1o3z4mBJk1HQd1h1p4j4Z2d1v3f2X2cAHa2t1g7x1Y5Lu1X2k58cA4qB0q9u3X1e1RUFQ4GO2e1u2qABW4h1yEf3mBn4gF5G5g1w8_4i3y1Y1n3c4dEy4xBe3p8ARW4pAv1Tp5~2f4f2h1LJ1Z6m2t2pA1d1FNP3TGd1St3Y10p93pB7bAu2b7y1X5u1f7IZ2Mj3i1t6_5o3q4k4e1i186y1q1I0oEa5q8n3s5b3m1f5m2t8s3lD4p2pA7r2zKc1v65b2~1t5~2h51TH~2Rx2Hv3t1p5d1n7b1n3X1~2l1v1z1Z335p1z2Z19D7RONSZ6k7f1q1s2c6o3Y7Lm1o2w4Mk2k1mULWNRw6l1o3t4YBPy1HQd1h1p4j4z5n3Ja3j1Y7Ha2t1g7x1Y5t2c78cA2s52_50q9u3X1e1RUFQ4GO2e1u2qABW4h1yEf3mBt4wF5g17e1p1m8DY33ULY53c18i50e2Ns5f3sD5e22E8e1AY1Ie21a60s15Ir1Y41e7g2m1b2s6Nk1f1a17DD7P1j14L57Gj2m2Z2u1~1i1n3y1d2Y1~2g2h18f2Sf12X12p2t1d2f2s2n5c1x2q1f7Ex1Ij1AREb1EX18NSr1a1Z2a2l3i1z1237F4D2T5Nj2x4DDn3t6Px1t9lJ~2z7r5pK3X1j1z3~1j4X1z1j2v3t2b3t3r3RCjAk4BAY7YFKc1o7_D7W1Z5gDb4a6z2i4v3o7~4_BZ2W5~9r5t8z4b6f3RFK~2u2lEEx1e3f7c2x2k2x4y3f8s4f5uD~Gx5ZBFV~1b47b1Np3F6NCJALATGt2g1X3m1V42o32y13Y19s1r2Y9Ru2x1m5Hq1L_2j1a3r3w6Nc193HJ55JNOv1Iv1s1~3_2Z8Sl2Qf2S~1At1CZ10V\" width=\"600\" height=\"350\" frameborder=\"0\" marginwidth=\"0\" marginheight=\"0\" scrolling=\"no\"><\/iframe><br \/><small><a style=\"color: #0000ff; text-align: left;\" href=\"https:\/\/onthegomap.com\/s\/ln8k25ap\" target=\"_blank\" rel=\"noopener\">In neuem Tab \u00f6ffnen (onthegomap.com)<\/a><\/small><\/p>\n\n\n<p><em>Bitte beachten, dass durch eine Baustelle im Alten Weg ggf. kurzfristig \u00c4nderungen am Streckenverlauf vorgenommen werden m\u00fcssen.<\/em><\/p>\n","protected":false},"excerpt":{"rendered":"<p>Beschreibung Unsere 30KM-Strecke beh\u00e4lt auch nach der Neugestaltung mit rd. 330 H\u00f6henmetern seinen gewohnt h\u00fcgeligen Charakter. Gestartet wird wie gewohnt an der Sport- und Kulturhalle in Garbenteich. Nach einer kurzen Schleife durch das an die Sport- und Kulturhalle (Start) angrenzende<\/p>\n","protected":false},"author":4,"featured_media":0,"parent":94,"menu_order":0,"comment_status":"closed","ping_status":"closed","template":"","meta":{"footnotes":""},"class_list":["post-352","page","type-page","status-publish","hentry"],"_links":{"self":[{"href":"https:\/\/svg-la.de\/index.php?rest_route=\/wp\/v2\/pages\/352","targetHints":{"allow":["GET"]}}],"collection":[{"href":"https:\/\/svg-la.de\/index.php?rest_route=\/wp\/v2\/pages"}],"about":[{"href":"https:\/\/svg-la.de\/index.php?rest_route=\/wp\/v2\/types\/page"}],"author":[{"embeddable":true,"href":"https:\/\/svg-la.de\/index.php?rest_route=\/wp\/v2\/users\/4"}],"replies":[{"embeddable":true,"href":"https:\/\/svg-la.de\/index.php?rest_route=%2Fwp%2Fv2%2Fcomments&post=352"}],"version-history":[{"count":6,"href":"https:\/\/svg-la.de\/index.php?rest_route=\/wp\/v2\/pages\/352\/revisions"}],"predecessor-version":[{"id":434,"href":"https:\/\/svg-la.de\/index.php?rest_route=\/wp\/v2\/pages\/352\/revisions\/434"}],"up":[{"embeddable":true,"href":"https:\/\/svg-la.de\/index.php?rest_route=\/wp\/v2\/pages\/94"}],"wp:attachment":[{"href":"https:\/\/svg-la.de\/index.php?rest_route=%2Fwp%2Fv2%2Fmedia&parent=352"}],"curies":[{"name":"wp","href":"https:\/\/api.w.org\/{rel}","templated":true}]}}