{"id":348,"date":"2024-08-07T16:31:04","date_gmt":"2024-08-07T16:31:04","guid":{"rendered":"http:\/\/svg-la.com\/?page_id=348"},"modified":"2025-08-20T11:47:06","modified_gmt":"2025-08-20T11:47:06","slug":"neusehland-halbmarathon","status":"publish","type":"page","link":"https:\/\/svg-la.de\/?page_id=348","title":{"rendered":"Lehnert Halbmarathon"},"content":{"rendered":"\n<h2 class=\"wp-block-heading has-medium-font-size\">Beschreibung<\/h2>\n\n\n\n<p>Unsere 21KM-Strecke ordnen wir mit ca. 230hm einen mittleren Schwierigkeitsgrad zu. Gestartet wird wie gewohnt an der Sport- und Kulturhalle in Garbenteich. Die Strecke f\u00fchrt dann entlang des REWE-Marktes auf das Feld zwischen Garbenteich und Fernwald-Steinbach. Nach einer Runde durch die Felder m\u00fcndet die Strecke auf den Radweg nach Fernwald und begegnet im Industriegebiet Ruhberg dem ersten Verpflegungssstand, der auf dem R\u00fcckweg ebenfalls angesteuert wird. Die Bundestra\u00dfe zwischen Lich und Gie\u00dfen wird \u00fcber eine Br\u00fccke gequert, nach einer kurzen Etappe durch den Steinbacher Ortsteil wird die Bundestra\u00dfe erneut via Br\u00fccke in Richtung Schiffenberg gequert.<\/p>\n\n\n\n<p>Anschlie\u00dfend f\u00fchrt die Strecke auf direktem Wege in Richtung Schiffenberg. An KM 8,7 wartet ein weiterer Getr\u00e4nkestand auf die Teilnehmenden, ehe die Strecke in den Schiffenberger Wald f\u00fchrt und dort dem Forstweg in Richtung Kloster folgt. Noch vor dem Kletterwald trifft sich die Strecke wieder mit den 30KM-L\u00e4ufern, ehe bei KM 12 die   die Streckenf\u00fchrung des Hinwegs erreicht und an KM 12,5 der Getr\u00e4nkestand erneut passiert wird, im Anschluss f\u00fchrt der Weg identisch zur\u00fcck nach Garbenteich.<\/p>\n\n\n\n<p><strong>Verpflegungsstellen: <\/strong>KM 5,6 | KM 8,7 | KM 12,5 | KM 15,7 | Ziel<\/p>\n\n\n\n<h2 class=\"wp-block-heading has-medium-font-size\">\u00dcber Lehnert<\/h2>\n\n\n\n<p><strong>Lehnert<\/strong> bietet seit\u00a0\u00fcber 40 Jahren\u00a0innovative System- und Glastrennw\u00e4nde sowie modulare Rauml\u00f6sungen f\u00fcr B\u00fcro\u2011, Industrie\u2011 und Akustikumgebungen\u00a0\u2013 alles aus einer Hand, von der Beratung \u00fcber Planung bis zur Montage.: <a href=\"https:\/\/www.lehnert-gmbh.de\/\">lehnert-gmbh.de<\/a><\/p>\n\n\n\n<h2 class=\"wp-block-heading has-medium-font-size\">Streckenverlauf \/ H\u00f6henprofil:<\/h2>\n\n\n\n<p>Das H\u00f6henprofil l\u00e4sst sich durch Klick auf das &#8222;Berge&#8220;-Symbol einblenden. <\/p>\n\n\n<p style=\"text-align: center;\"><iframe loading=\"lazy\" src=\"https:\/\/onthegomap.com\/?m=r&#038;u=km&#038;w%5B%5D=Routes+may+not+be+suitable+for+public+use.&#038;c%5B%5D=Route+data+%C2%A92025+On+The+Go+Map%2C+OpenStreetMap+Contributors&#038;d=21218&#038;f=82326822af&#038;n=1&#038;dm=1&#038;context=share&#038;r2=_kkq9gekr17M9u1RW2Pg2Rm2z2a8r1W47O9Y1Nw1QUIKA469IRs3v6k1Z3Mz2Ip1y1l5St2s2X9Ar14X11x11r20RW13Y3l1u2f1UFM9K9OBG5W1w4Y1e2U_1GW1y5aBtDWHr4g5x3g8j2y4b2y23AZ3W7Dy1t1Y9p1k8SGc6g3W3s1u5e3WAs5a7zGg2p4m1z2_2h4c4Z6a5fD8Vb8ZFt3X8f3~6C9eAf4Y1Fu3s3u2c3k2w3Y1_1W2k4k1_34Y1s5qKW3_7u9mJQy1o3u6EEk2y46O1U3E8G14h1_1Z2m3Z1a2Lg15C7ODY1Dc19SHk1Dy1p1g7b1y2r2o5g1g1UW1q2u1i23g2Ri17W3f2e2X1o3x1W2h1a2t1k2l28FM6k13Q2E88Eg1Z1Oj1c2r6f2l12d7s1X46H0r12Z6Hd29X1137n16d2g3rDOr50d27h54b1MX54TEX3q1l88d16f1u4vFg3lBK~6Ox7C~3t2pA1d1FNP3TGd1St3Y10p91h71d47bAu2b7y1X5u1f7IZ2Y2bA_5o3q4k4i2nX1S~B1Pn1f59v2Qb1On1l1ZEx4d1l2b3Rp1f3f6W5f7o2~3s1z1a1d1k2q58Io3Y7Lm1o2w4Mk2k1mULWNRw6l1o3n5_CHQd1h1p4j4f3~1p2n1X2cAHa2t1g7x1Y5t2c78cA4qB0y10u7u3X1e1RUFQ4GO2e1u2qABW4h1yEf3mBt4wF5g17e1Pg4Pc4DY33ULY53c18i50e2Ns5f3sD5e2As1AY1Ie21a60s15Ir1Y41e7g2m1b2s6Nk1f1a17DD7P1j14L57Gd2g256Z2u1~1i1n3y1d2Y1~2g2h18f2Sh24p2t1NPl1l1s2n5c1x2q1f7Ex1Ij1AREb1EX18NSr1a1Z2a2l3i1z1237F4D2T5Nj2x4DDn3t6Px1p7dFZ2d4~2z7r5pK3X1j1z3~1j4X1z1j2v3t2b3t3r3VEfAi4BAg5iBu1s3c8aF7W1Z5gDb4a6z2i4v3o7Z3k7~3m9~9r5t8z4v5Z3B5RFi3lHEx1e3f7c2x2k2x4y3f8s4f5uD~Gx5ZBFVX1Z2TX2Vv4F6NCJALATGt2g1X3m1V42o32y13Y19s1r2Y9Ru2x1m5Hq1L_2j1a3r3w6Nc19335DDPTOv1Iv1s1~3_2Z8Sl2Qf2S~1At18L\" width=\"600\" height=\"350\" frameborder=\"0\" marginwidth=\"0\" marginheight=\"0\" scrolling=\"no\"><\/iframe><br \/><small><a style=\"color: #0000ff; text-align: left;\" href=\"https:\/\/onthegomap.com\/s\/gf4p34s9\" target=\"_blank\" rel=\"noopener\">In neuem Tab \u00f6ffnen (onthegomap.com)<\/a><\/small><\/p>\n\n\n<p><\/p>\n\n\n\n<p><\/p>\n","protected":false},"excerpt":{"rendered":"<p>Beschreibung Unsere 21KM-Strecke ordnen wir mit ca. 230hm einen mittleren Schwierigkeitsgrad zu. Gestartet wird wie gewohnt an der Sport- und Kulturhalle in Garbenteich. Die Strecke f\u00fchrt dann entlang des REWE-Marktes auf das Feld zwischen Garbenteich und Fernwald-Steinbach. Nach einer Runde<\/p>\n","protected":false},"author":4,"featured_media":0,"parent":94,"menu_order":0,"comment_status":"closed","ping_status":"closed","template":"","meta":{"footnotes":""},"class_list":["post-348","page","type-page","status-publish","hentry"],"_links":{"self":[{"href":"https:\/\/svg-la.de\/index.php?rest_route=\/wp\/v2\/pages\/348","targetHints":{"allow":["GET"]}}],"collection":[{"href":"https:\/\/svg-la.de\/index.php?rest_route=\/wp\/v2\/pages"}],"about":[{"href":"https:\/\/svg-la.de\/index.php?rest_route=\/wp\/v2\/types\/page"}],"author":[{"embeddable":true,"href":"https:\/\/svg-la.de\/index.php?rest_route=\/wp\/v2\/users\/4"}],"replies":[{"embeddable":true,"href":"https:\/\/svg-la.de\/index.php?rest_route=%2Fwp%2Fv2%2Fcomments&post=348"}],"version-history":[{"count":13,"href":"https:\/\/svg-la.de\/index.php?rest_route=\/wp\/v2\/pages\/348\/revisions"}],"predecessor-version":[{"id":455,"href":"https:\/\/svg-la.de\/index.php?rest_route=\/wp\/v2\/pages\/348\/revisions\/455"}],"up":[{"embeddable":true,"href":"https:\/\/svg-la.de\/index.php?rest_route=\/wp\/v2\/pages\/94"}],"wp:attachment":[{"href":"https:\/\/svg-la.de\/index.php?rest_route=%2Fwp%2Fv2%2Fmedia&parent=348"}],"curies":[{"name":"wp","href":"https:\/\/api.w.org\/{rel}","templated":true}]}}