{"id":338,"date":"2024-08-07T16:13:46","date_gmt":"2024-08-07T16:13:46","guid":{"rendered":"http:\/\/svg-la.com\/?page_id=338"},"modified":"2025-08-04T10:52:16","modified_gmt":"2025-08-04T10:52:16","slug":"nachfolgekontor-10km-lauf","status":"publish","type":"page","link":"https:\/\/svg-la.de\/?page_id=338","title":{"rendered":"Nachfolgekontor 10KM-Lauf"},"content":{"rendered":"\n<h2 class=\"wp-block-heading has-medium-font-size\">Beschreibung<\/h2>\n\n\n\n<p>Unsere 10KM-Strecke ordnen wir mit ca. 110hm einen mittleren Schwierigkeitsgrad zu. Gestartet wird an der Sport- und Kulturhalle in Garbenteich. Die Strecke f\u00fchrt entlang des REWE-Marktes auf das Feld zwischen Garbenteich und Fernwald-Steinbach.<\/p>\n\n\n\n<p>Nach einer Schleife \u00fcber die Feldwege gelangt die Strecke an den Radweg nach Fernwald-Steinbach, wo im Industriegebiet Ruhberg ca. auf der H\u00e4lfte der Wegstrecke ein Verpflegungsstand auf alle Teilnehmenden wartet. Neu ab 2025 f\u00fchrt die Strecke anschlie\u00dfend durch den Wald zur\u00fcck in Garbenteich, wodurch sich die Teilnehmer rd. 10 H\u00f6henmeter sparen.<\/p>\n\n\n\n<h2 class=\"wp-block-heading has-medium-font-size\">\u00dcber Nachfolgekontor<\/h2>\n\n\n\n<p>Die <strong>Nachfolgekontor GmbH<\/strong> mit Sitz in Wetzlar ist im Verbund mit der sonntag corporate finance GmbH eines der f\u00fchrenden Beratungsh\u00e4user f\u00fcr Unternehmensverk\u00e4ufe und -Nachfolgen im deutschen Mittelstand. Weitere Informationen: <a href=\"http:\/\/www.nachfolgekontor.de\" target=\"_blank\" rel=\"noreferrer noopener\">www.nachfolgekontor.de<\/a><\/p>\n\n\n\n<h2 class=\"wp-block-heading has-medium-font-size\">Streckenverlauf \/ H\u00f6henprofil:<\/h2>\n\n\n\n<p>Das H\u00f6henprofil l\u00e4sst sich durch Klick auf das &#8222;Berge&#8220;-Symbol einblenden. <\/p>\n\n\n<p style=\"text-align: center;\"><iframe loading=\"lazy\" src=\"https:\/\/onthegomap.com\/?m=r&amp;u=km&amp;w%5B%5D=Routes+may+not+be+suitable+for+public+use.&amp;c%5B%5D=Route+data+%C2%A92025+On+The+Go+Map%2C+OpenStreetMap+Contributors&amp;d=10018&amp;f=5f297af9ba&amp;n=1&amp;dm=1&amp;context=embed&amp;r2=kikq9wlkr18NQf2S~1S2c28Ru2Hu1f1u3Hq1L_2j1a3r3w69GDM93HJPTOv16LCZ1s1~3_2Z8Sl2Qf2S~1Y3As2X9Ar14X11x10t11v1W13Y3l1u2f1UFM9K9OBG5Sm44AW2c4GW1y5aBtDWHr4g5x3g8j2y4b2y2n2w5Lm1Dy1f2aCX1i5SGc6g3W4e2u4s2WAs5mGqCmCm9QAa5Gi1a2_2Y4n2s5Ve2o6y4Sz1u2p5s2n5c1x2q1f7Ex1Ij1AREb1EX18NSr1a1Z2a2l3KROX1237F4D2T5Nj2x4DDn3t6Px1t9lJ~2z7r5pK3X1j1z3~1j4X1z1j2v3t2b3z2z2PNfBw4BAi2Y5s4WAc8aF7W1Z5gDb4a6z2i4v3o7l4qAp2g6~9r5t8z4b6f30A09RFi3lHEx1e3f7c2x2k2x4y3f8s4f5uD~Gx5ZBFV~1b43DRh4F6NCJALATGt2g1X3m1V42k10a22y13Y19s1r2Y9Ru2LY2b1k3Hq1L_2j1a3r3w6DK9I93HJPTOv125Gp1s1~3_2Z8Sl2Qf2S~1At1CZ10h1\" width=\"600\" height=\"350\" frameborder=\"0\" marginwidth=\"0\" marginheight=\"0\" scrolling=\"no\"><\/iframe><br \/><small><a style=\"color: #0000ff; text-align: left;\" href=\"https:\/\/onthegomap.com\/s\/og27p8hc\" target=\"_blank\" rel=\"noopener\">In neuem Tab \u00f6ffnen (onthegomap.com)<\/a><\/small><\/p>\n\n\n<p><em>Bitte beachten, dass durch eine Baustelle im Alten Weg ggf. kurzfristig \u00c4nderungen am Streckenverlauf vorgenommen werden m\u00fcssen.<\/em><\/p>\n","protected":false},"excerpt":{"rendered":"<p>Beschreibung Unsere 10KM-Strecke ordnen wir mit ca. 110hm einen mittleren Schwierigkeitsgrad zu. Gestartet wird an der Sport- und Kulturhalle in Garbenteich. Die Strecke f\u00fchrt entlang des REWE-Marktes auf das Feld zwischen Garbenteich und Fernwald-Steinbach. Nach einer Schleife \u00fcber die Feldwege<\/p>\n","protected":false},"author":4,"featured_media":0,"parent":94,"menu_order":0,"comment_status":"closed","ping_status":"closed","template":"","meta":{"footnotes":""},"class_list":["post-338","page","type-page","status-publish","hentry"],"_links":{"self":[{"href":"https:\/\/svg-la.de\/index.php?rest_route=\/wp\/v2\/pages\/338","targetHints":{"allow":["GET"]}}],"collection":[{"href":"https:\/\/svg-la.de\/index.php?rest_route=\/wp\/v2\/pages"}],"about":[{"href":"https:\/\/svg-la.de\/index.php?rest_route=\/wp\/v2\/types\/page"}],"author":[{"embeddable":true,"href":"https:\/\/svg-la.de\/index.php?rest_route=\/wp\/v2\/users\/4"}],"replies":[{"embeddable":true,"href":"https:\/\/svg-la.de\/index.php?rest_route=%2Fwp%2Fv2%2Fcomments&post=338"}],"version-history":[{"count":13,"href":"https:\/\/svg-la.de\/index.php?rest_route=\/wp\/v2\/pages\/338\/revisions"}],"predecessor-version":[{"id":435,"href":"https:\/\/svg-la.de\/index.php?rest_route=\/wp\/v2\/pages\/338\/revisions\/435"}],"up":[{"embeddable":true,"href":"https:\/\/svg-la.de\/index.php?rest_route=\/wp\/v2\/pages\/94"}],"wp:attachment":[{"href":"https:\/\/svg-la.de\/index.php?rest_route=%2Fwp%2Fv2%2Fmedia&parent=338"}],"curies":[{"name":"wp","href":"https:\/\/api.w.org\/{rel}","templated":true}]}}