{"id":324,"date":"2024-08-07T15:56:01","date_gmt":"2024-08-07T15:56:01","guid":{"rendered":"http:\/\/svg-la.com\/?page_id=324"},"modified":"2025-08-20T12:23:51","modified_gmt":"2025-08-20T12:23:51","slug":"ausschreibung","status":"publish","type":"page","link":"https:\/\/svg-la.de\/?page_id=324","title":{"rendered":"Ausschreibung"},"content":{"rendered":"\n<figure class=\"wp-block-image size-large\"><img loading=\"lazy\" decoding=\"async\" width=\"1024\" height=\"189\" src=\"https:\/\/svg-la.de\/wp-content\/uploads\/2025\/08\/Racresult_Banner_Lehnert_v2-1-1024x189.jpg\" alt=\"\" class=\"wp-image-476\" srcset=\"https:\/\/svg-la.de\/wp-content\/uploads\/2025\/08\/Racresult_Banner_Lehnert_v2-1-1024x189.jpg 1024w, https:\/\/svg-la.de\/wp-content\/uploads\/2025\/08\/Racresult_Banner_Lehnert_v2-1-300x55.jpg 300w, https:\/\/svg-la.de\/wp-content\/uploads\/2025\/08\/Racresult_Banner_Lehnert_v2-1-768x142.jpg 768w, https:\/\/svg-la.de\/wp-content\/uploads\/2025\/08\/Racresult_Banner_Lehnert_v2-1.jpg 1150w\" sizes=\"auto, (max-width: 1024px) 100vw, 1024px\" \/><\/figure>\n\n\n\n<h2 class=\"wp-block-heading has-medium-font-size\"><strong>Start \/ Ziel und Veranstaltungsort<\/strong>:<\/h2>\n\n\n\n<p>Sport- und Kulturhalle Garbenteich, Fr\u00f6belstra\u00dfe 1, 35415 Pohlheim<\/p>\n\n\n\n<h2 class=\"wp-block-heading has-medium-font-size\"><strong>Parken<\/strong> <\/h2>\n\n\n\n<p>Es gibt Parkfl\u00e4chen vor der Halle und Ausweichfl\u00e4chen auf dem REWE-Parkplatz (Alter Weg).<\/p>\n\n\n\n<h2 class=\"wp-block-heading has-medium-font-size\"><strong>Strecken<\/strong> (Startzeiten &amp; Teilnahmegeb\u00fchr)<\/h2>\n\n\n\n<figure class=\"wp-block-table\"><table class=\"has-fixed-layout\"><tbody><tr><td><\/td><td class=\"has-text-align-center\" data-align=\"center\"><strong>Nachfolgekontor 10KM-Lauf<\/strong><\/td><td class=\"has-text-align-center\" data-align=\"center\"><strong>Lehnert<\/strong><br><strong>Halbmarathon<\/strong><\/td><td class=\"has-text-align-center\" data-align=\"center\"><strong>Fischer Logistik 30KM-Lauf<\/strong><\/td><\/tr><tr><td>Start<\/td><td class=\"has-text-align-center\" data-align=\"center\">09:50 Uhr<\/td><td class=\"has-text-align-center\" data-align=\"center\">09:30 Uhr<\/td><td class=\"has-text-align-center\" data-align=\"center\">09:30 Uhr<\/td><\/tr><tr><td>Teilnahmegeb\u00fchr<\/td><td class=\"has-text-align-center\" data-align=\"center\">10 EUR<\/td><td class=\"has-text-align-center\" data-align=\"center\">13 EUR<\/td><td class=\"has-text-align-center\" data-align=\"center\">15 EUR<\/td><\/tr><tr><td>Streckenbeschreibung &amp; Profil<\/td><td class=\"has-text-align-center\" data-align=\"center\"><a href=\"http:\/\/svg-la.com\/?page_id=338\" data-type=\"page\" data-id=\"338\">Link<\/a><\/td><td class=\"has-text-align-center\" data-align=\"center\"><a href=\"http:\/\/svg-la.com\/?page_id=348\" data-type=\"page\" data-id=\"348\">Link<\/a><\/td><td class=\"has-text-align-center\" data-align=\"center\"><a href=\"http:\/\/svg-la.com\/?page_id=352\" data-type=\"page\" data-id=\"352\">Link<\/a><\/td><\/tr><\/tbody><\/table><\/figure>\n\n\n\n<p>Die \u00e4rztliche Betreuung auf der Strecke und im Start- und Zielbereich wird durch einen Sanit\u00e4tsdienst gew\u00e4hrleistet. Die Veranstaltung ist vom HLV genehmigt und wird gem. den g\u00fcltigen Bestimmungen durchgef\u00fchrt. Auf der gesamten Strecke gilt die Stra\u00dfenverkehrsordnung (StVO). Dieser ist zu jeder Zeit zu folgen und insb. dem Stra\u00dfenverkehr stets Vorrang zu gew\u00e4hren.<\/p>\n\n\n\n<h3 class=\"wp-block-heading\"><strong>Startnummernausgabe<\/strong><\/h3>\n\n\n\n<p>Die Startnummern und die Transponder k\u00f6nnen am Veranstaltungstag (Sonntag, 14.09.2025) ab 08:00 Uhr oder am Vortag (Samstag) zwischen 16:00 und 17:00 Uhr in der Sport- und Kulturhalle Garbenteich abgeholt werden. Nach dem Rennen bitten wir um eine R\u00fcckgabe der Transponder und Startnummern am Ziel oder vor den Umkleiden.<\/p>\n\n\n\n<h2 class=\"wp-block-heading has-medium-font-size\"><strong>Anmeldung<\/strong><\/h2>\n\n\n\n<p>Die Anmeldung erfolgt online unter <a href=\"https:\/\/my.raceresult.com\/352358\">https:\/\/my.raceresult.com\/352358<\/a> &#8211; die Zahlung erfolgt via SEPA-Lastschrift. Nachmeldungen sind am Veranstaltungstag bis zum Rennbeginn gegen eine Nachmeldegeb\u00fchr in H\u00f6he von 5 EUR m\u00f6glich.<\/p>\n\n\n\n<p>Ummeldungen auf eine andere Distanz sind bis Freitag, 12. September 2025, um 20:00 Uhr kostenfrei m\u00f6glich, der Differenzbetrag wird nicht erstattet.<\/p>\n\n\n\n<h2 class=\"wp-block-heading has-medium-font-size\"><strong>Veranstalter<\/strong><\/h2>\n\n\n\n<p>Veranstalter der Veranstaltung ist der Sportverein 1928 Garbenteich e.V, Schiffenbergstra\u00dfe 37, 35415 Pohlheim.<\/p>\n\n\n\n<h2 class=\"wp-block-heading has-medium-font-size\"><strong>Haftung &amp; Datenschutz<\/strong><\/h2>\n\n\n\n<p>Der Veranstalter haftet gem. den gesetzlichen Bestimmungen und \u00fcbernimmt dar\u00fcber hinaus keine Haftung f\u00fcr Sch\u00e4den s\u00e4mtlicher Art. Die bei der Anmeldung vom Teilnehmer angegebenen personenbezogenen Daten werden gespeichert und zu Zwecken der Durchf\u00fchrung und Abwicklung der Laufveranstaltung verarbeitet. Gespeichert werden Name, Jahrgang, Altersklasse, Wohnort, ggf. Verein, Startnummer, Ergebnis und ggf. E-Mail.<\/p>\n\n\n\n<p>Mit der Anmeldung willigen die Teilnehmer oder Erziehungsberechtigten in eine Speicherung und Verwertung der personenbezogenen Daten zu diesem Zweck ein. Gespeicherte, personenbezogene Daten k\u00f6nnen gegebenenfalls an einen kommerziellen Dritten zum Zweck der Zeitmessung, Erstellung der Ergebnislisten sowie der Einstellung dieser Listen ins Internet weitergegeben werden (u.A. Auswertung Mittelhessen Cup). Mit der Anmeldung willigen die Teilnehmer in eine Speicherung und Weitergabe der Daten zu diesem Zweck ein. Die im Zusammenhang mit der Teilnahme an der Lauf-Veranstaltung gemachten Fotos k\u00f6nnen vom Veranstalter verbreitet und ver\u00f6ffentlicht werden. Die Teilnehmer k\u00f6nnen der Weitergabe der personenbezogenen Daten jederzeit gegen\u00fcber dem Veranstalter schriftlich, per Telefax oder E-Mail widersprechen.<\/p>\n\n\n\n<div data-wp-interactive=\"core\/file\" class=\"wp-block-file\"><object data-wp-bind--hidden=\"!state.hasPdfPreview\" hidden class=\"wp-block-file__embed\" data=\"https:\/\/svg-la.de\/wp-content\/uploads\/2025\/08\/Ausschreibung_Volkslauf_VL2025_Lehnert.pdf\" type=\"application\/pdf\" style=\"width:100%;height:550px\" aria-label=\"Einbettung von Ausschreibung_Volkslauf_VL2025_Lehnert.\"><\/object><a id=\"wp-block-file--media-5292807d-1c05-402e-9c82-180d7d73b911\" href=\"https:\/\/svg-la.de\/wp-content\/uploads\/2025\/08\/Ausschreibung_Volkslauf_VL2025_Lehnert.pdf\">Ausschreibung_Volkslauf_VL2025_Lehnert<\/a><a href=\"https:\/\/svg-la.de\/wp-content\/uploads\/2025\/08\/Ausschreibung_Volkslauf_VL2025_Lehnert.pdf\" class=\"wp-block-file__button wp-element-button\" download aria-describedby=\"wp-block-file--media-5292807d-1c05-402e-9c82-180d7d73b911\">Herunterladen<\/a><\/div>\n","protected":false},"excerpt":{"rendered":"<p>Start \/ Ziel und Veranstaltungsort: Sport- und Kulturhalle Garbenteich, Fr\u00f6belstra\u00dfe 1, 35415 Pohlheim Parken Es gibt Parkfl\u00e4chen vor der Halle und Ausweichfl\u00e4chen auf dem REWE-Parkplatz (Alter Weg). Strecken (Startzeiten &amp; Teilnahmegeb\u00fchr) Nachfolgekontor 10KM-Lauf LehnertHalbmarathon Fischer Logistik 30KM-Lauf Start 09:50 Uhr<\/p>\n","protected":false},"author":4,"featured_media":0,"parent":94,"menu_order":0,"comment_status":"closed","ping_status":"closed","template":"","meta":{"footnotes":""},"class_list":["post-324","page","type-page","status-publish","hentry"],"_links":{"self":[{"href":"https:\/\/svg-la.de\/index.php?rest_route=\/wp\/v2\/pages\/324","targetHints":{"allow":["GET"]}}],"collection":[{"href":"https:\/\/svg-la.de\/index.php?rest_route=\/wp\/v2\/pages"}],"about":[{"href":"https:\/\/svg-la.de\/index.php?rest_route=\/wp\/v2\/types\/page"}],"author":[{"embeddable":true,"href":"https:\/\/svg-la.de\/index.php?rest_route=\/wp\/v2\/users\/4"}],"replies":[{"embeddable":true,"href":"https:\/\/svg-la.de\/index.php?rest_route=%2Fwp%2Fv2%2Fcomments&post=324"}],"version-history":[{"count":29,"href":"https:\/\/svg-la.de\/index.php?rest_route=\/wp\/v2\/pages\/324\/revisions"}],"predecessor-version":[{"id":477,"href":"https:\/\/svg-la.de\/index.php?rest_route=\/wp\/v2\/pages\/324\/revisions\/477"}],"up":[{"embeddable":true,"href":"https:\/\/svg-la.de\/index.php?rest_route=\/wp\/v2\/pages\/94"}],"wp:attachment":[{"href":"https:\/\/svg-la.de\/index.php?rest_route=%2Fwp%2Fv2%2Fmedia&parent=324"}],"curies":[{"name":"wp","href":"https:\/\/api.w.org\/{rel}","templated":true}]}}