{"id":14,"date":"2019-06-09T10:41:32","date_gmt":"2019-06-09T10:41:32","guid":{"rendered":"http:\/\/svg-la.com\/?page_id=14"},"modified":"2024-08-07T15:18:34","modified_gmt":"2024-08-07T15:18:34","slug":"ueber-uns","status":"publish","type":"page","link":"https:\/\/svg-la.de\/?page_id=14","title":{"rendered":"\u00dcber uns"},"content":{"rendered":"\n<figure class=\"wp-block-image alignfull\"><img loading=\"lazy\" decoding=\"async\" width=\"1024\" height=\"282\" src=\"http:\/\/svg-la.com\/wp-content\/uploads\/2019\/07\/Titelbilder-1024x282.jpg\" alt=\"\" class=\"wp-image-220\" srcset=\"https:\/\/svg-la.de\/wp-content\/uploads\/2019\/07\/Titelbilder-1024x282.jpg 1024w, https:\/\/svg-la.de\/wp-content\/uploads\/2019\/07\/Titelbilder-300x83.jpg 300w, https:\/\/svg-la.de\/wp-content\/uploads\/2019\/07\/Titelbilder-768x211.jpg 768w\" sizes=\"auto, (max-width: 1024px) 100vw, 1024px\" \/><\/figure>\n\n\n<h4>Wir sind eine junge, engagierte Abteilung mit einer langen Historie und Tradition.<\/h4>\n\n\n<hr class=\"wp-block-separator has-css-opacity\"\/>\n\n\n\n<h3 class=\"wp-block-heading\">Historie<\/h3>\n\n\n\n<p>Es mag manchen \u00fcberraschen, aber die Geschichte der Leichtathletik in Garbenteich ist so alt wie der Sportverein selbst. Genau genommen ist sie sogar noch \u00e4lter. Zu Beginn des vorigen Jahrhunderts geh\u00f6rten leichtathletische Disziplinen zum Programm der Turnvereine, die sich \u00fcberall bildeten. Die Turner jener Zeit verstanden ihren Sport als K\u00f6rperert\u00fcchtigung in einem umfassenden Sinne. Der Verfasser selbst stammt aus einem solchen Turnverein alter Pr\u00e4gung: Im Sommer ging es auf den Platz, im Winter zum Boden- und Ger\u00e4teturnen in die Halle.<\/p>\n\n\n\n<p>Der Turnverein Garbenteich bestand schon seit 30 Jahren, als er sich mit dem Garbenteicher Fu\u00dfballverein zusammenschloss und jener Verein entstand, dessen 90-j\u00e4hriges Jubil\u00e4um wir im Jahr 2018 feierten. Die Turnverb\u00e4nde richten bis in die heutige Zeit noch Leichtathletikwettbewerbe aus. Garbenteicher Turner sollen es bei solchen Meisterschaften zu einiger Ehre gebracht haben. Leider sind keine schriftlichen Details \u00fcberliefert. Nach dem Krieg erlebte die Leichtathletik noch eine kurze Bl\u00fcte, doch seit Mitte der 1950er Jahre ist keine Teilnahme an Wettk\u00e4mpfen mehr zu verzeichnen. Die Abteilung h\u00f6rte auf zu existieren. <br>Der Neubeginn im Jahre 1972 ist wesentlich ein Verdienst von Albert Briegel, der zun\u00e4chst auch die Abteilung \u00fcbernahm. Dieser hatte sich zeitlebens dem Breitensportgedanken verschrieben und bereits in den 1960er Jahren leichtathletisches Training mit Kindern durchgef\u00fchrt. Alsbald wurde auch wieder am Wettkampfgeschehen teilgenommen. <\/p>\n\n\n\n<p>Eine st\u00fcrmische Entwicklung begann mit der \u00dcbernahme der Abteilungsleitung durch Bernd Barth im Jahre 1974. Ohne seine Initiativen w\u00e4re die Abteilung in der heutigen Form nicht denkbar. Im Jahr 1979 wurde das &#8222;Landesoffene Sch\u00fcler-Hallensportfest&#8220; aus der Taufe gehoben. Im Jahr darauf folgte das \u201e Regionale Sch\u00fclersportfest\u201c im Stadion Giessen-West. Beide Veranstaltungen hatten lange Zeit einen festen Platz im Wettkampfkalender. Abgerundet wurde das Angebot durch den &#8222;Internationalen Garbenteicher Volkslauf&#8220;, der sich seit 1980 immer gr\u00f6\u00dferer Beliebtheit erfreut. Bedenkt man, welcher organisatorische Aufwand und Arbeitseinsatz f\u00fcr die Ausrichtung solcher Veranstaltungen erforderlich ist, kann man den Mut der damals Verantwortlichen nur bewundern. <\/p>\n\n\n\n<p>Am 29.3.1982 schlossen sich 10 Kreisvereine zum Leichtathletikzentrum Giessen (LAZ) zusammen. Auch der SV Garbenteich geh\u00f6rte zu den Gr\u00fcndungsmitgliedern. Die Vorteile lagen auf der Hand: Zum einen verbesserte Trainingsbedingungen durch die Nutzung der Kunststoffanlage in Giessen-West und den Einsatz lizenzierter \u00dcbungsleiter, zum anderen die Bildung wettbewerbsf\u00e4higer Mannschaften. Tats\u00e4chlich kam es in den Folgejahren zu einer Leistungsexplosion Garbenteicher Athleten. Zwischen 1983 und 1993 wurde jedes Jahr bis zu 18 (!) Hessenmeistertitel errungen. <\/p>\n\n\n\n<p>12 mal standen Athleten im Endkampf bei Deutschen Meisterschaften. Namentlich erw\u00e4hnt sei Christoph Blum, der 1985 Deutscher Jugendmeister \u00fcber 5000m wurde und sogar an Europameisterschaften teilnehmen konnte. <\/p>\n\n\n\n<p>Erst seit dem Jahr 2000 stellt die Abteilung wieder Hessische Meister mit Carsten Kuhl im F\u00fcnfkampf und Nils Burger \u00fcber die Sprintstrecken. In den 2010er Jahren stellten die Aush\u00e4ngeschilder der Abteilung Beatrice Marscheck und Ann-Christin Strack dar. Beatrice hat sich in der erweiterten deutschen Spitze im Weitsprung und Kurzsprint etabliert und Ann-Christin geh\u00f6rte zur deutschen Spitze im Kurzsprint, bevor sie ihre erfolgreiche Karriere als Bob-Anschieberin startete.<\/p>\n\n\n\n<p>Garbenteicher Athleten stellten im Laufe der Jahre eine Vielzahl von hessischen und Regionsrekorden auf. Einige der Rekorde in der Region Mitte (ein Gebiet von Fulda bis Haiger) haben teilweise nach \u00fcber 20 Jahren noch Bestand.<\/p>\n\n\n\n<p><\/p>\n","protected":false},"excerpt":{"rendered":"<p>Wir sind eine junge, engagierte Abteilung mit einer langen Historie und Tradition. Historie Es mag manchen \u00fcberraschen, aber die Geschichte der Leichtathletik in Garbenteich ist so alt wie der Sportverein selbst. Genau genommen ist sie sogar noch \u00e4lter. Zu Beginn<\/p>\n","protected":false},"author":1,"featured_media":0,"parent":13,"menu_order":0,"comment_status":"closed","ping_status":"closed","template":"","meta":{"footnotes":""},"class_list":["post-14","page","type-page","status-publish","hentry"],"_links":{"self":[{"href":"https:\/\/svg-la.de\/index.php?rest_route=\/wp\/v2\/pages\/14","targetHints":{"allow":["GET"]}}],"collection":[{"href":"https:\/\/svg-la.de\/index.php?rest_route=\/wp\/v2\/pages"}],"about":[{"href":"https:\/\/svg-la.de\/index.php?rest_route=\/wp\/v2\/types\/page"}],"author":[{"embeddable":true,"href":"https:\/\/svg-la.de\/index.php?rest_route=\/wp\/v2\/users\/1"}],"replies":[{"embeddable":true,"href":"https:\/\/svg-la.de\/index.php?rest_route=%2Fwp%2Fv2%2Fcomments&post=14"}],"version-history":[{"count":11,"href":"https:\/\/svg-la.de\/index.php?rest_route=\/wp\/v2\/pages\/14\/revisions"}],"predecessor-version":[{"id":306,"href":"https:\/\/svg-la.de\/index.php?rest_route=\/wp\/v2\/pages\/14\/revisions\/306"}],"up":[{"embeddable":true,"href":"https:\/\/svg-la.de\/index.php?rest_route=\/wp\/v2\/pages\/13"}],"wp:attachment":[{"href":"https:\/\/svg-la.de\/index.php?rest_route=%2Fwp%2Fv2%2Fmedia&parent=14"}],"curies":[{"name":"wp","href":"https:\/\/api.w.org\/{rel}","templated":true}]}}